{"id":5675,"date":"2020-01-09T04:10:53","date_gmt":"2020-01-09T03:10:53","guid":{"rendered":"https:\/\/iadrivers.com\/chi-siamo\/"},"modified":"2026-01-09T11:37:19","modified_gmt":"2026-01-09T10:37:19","slug":"sobre-nosotros","status":"publish","type":"page","link":"https:\/\/iadrivers.com\/es\/sobre-nosotros\/","title":{"rendered":"Sobre nosotros"},"content":{"rendered":"\t\t<div data-elementor-type=\"wp-page\" data-elementor-id=\"5675\" class=\"elementor elementor-5675 elementor-1579\">\n\t\t\t\t\t\t<section class=\"elementor-section elementor-top-section elementor-element elementor-element-7f3cbd8 elementor-section-content-middle ot-traditional elementor-section-boxed elementor-section-height-default elementor-section-height-default\" data-id=\"7f3cbd8\" data-element_type=\"section\" data-e-type=\"section\" data-settings=\"{&quot;background_background&quot;:&quot;classic&quot;}\">\n\t\t\t\t\t\t<div class=\"elementor-container elementor-column-gap-extended\">\n\t\t\t\t\t<div class=\"elementor-column elementor-col-50 elementor-top-column elementor-element elementor-element-9fc2569 ot-flex-column-vertical\" data-id=\"9fc2569\" data-element_type=\"column\" data-e-type=\"column\">\n\t\t\t<div class=\"elementor-widget-wrap elementor-element-populated\">\n\t\t\t\t\t\t<div class=\"elementor-element elementor-element-925ee15 elementor-widget elementor-widget-iheading\" data-id=\"925ee15\" data-element_type=\"widget\" data-e-type=\"widget\" data-widget_type=\"iheading.default\">\n\t\t\t\t<div class=\"elementor-widget-container\">\n\t\t\t\t\t\t\t<div class=\"ot-heading\">\n\t        \t            <span>\/\/ QUI\u00c9NES SOMOS<\/span>\n\t        <h2 class=\"main-heading\">IAdrivers es un proyecto de formaci\u00f3n innovador<\/h2>\t    <\/div>\n\t    \t\t\t\t<\/div>\n\t\t\t\t<\/div>\n\t\t\t\t<div class=\"elementor-element elementor-element-5f326aa elementor-widget elementor-widget-text-editor\" data-id=\"5f326aa\" data-element_type=\"widget\" data-e-type=\"widget\" data-widget_type=\"text-editor.default\">\n\t\t\t\t\t\t\t\t\t<p>IAdrivers es un proyecto de formaci\u00f3n innovador que une tecnolog\u00eda y humanidad para potenciar las profesiones m\u00e1s antiguas y fundamentales en el futuro: la conducci\u00f3n de veh\u00edculos de gran tama\u00f1o (camiones, barcos, aviones).<br \/>Una profesi\u00f3n fundamental para el desarrollo del mundo moderno, pero que hoy corre peligro de extinci\u00f3n, como una oportunidad para las nuevas generaciones.<\/p><p>Fundado por la ingeniera Cecilia Herrera con el apoyo de la coach mental Rosy Falcone, el programa integra habilidades t\u00e9cnicas, coaching personal y herramientas digitales de vanguardia.<\/p>\t\t\t\t\t\t\t\t<\/div>\n\t\t\t\t\t<\/div>\n\t\t<\/div>\n\t\t\t\t<div class=\"elementor-column elementor-col-50 elementor-top-column elementor-element elementor-element-7564da8 ot-flex-column-vertical\" data-id=\"7564da8\" data-element_type=\"column\" data-e-type=\"column\">\n\t\t\t<div class=\"elementor-widget-wrap elementor-element-populated\">\n\t\t\t\t\t\t<section class=\"elementor-section elementor-inner-section elementor-element elementor-element-c97a89f elementor-section-full_width ot-layout_block elementor-section-height-default elementor-section-height-default\" data-id=\"c97a89f\" data-element_type=\"section\" data-e-type=\"section\">\n\t\t\t\t\t\t<div class=\"elementor-container elementor-column-gap-extended\">\n\t\t\t\t\t<div class=\"elementor-column elementor-col-100 elementor-inner-column elementor-element elementor-element-ee166a8 ot-flex-column-vertical\" data-id=\"ee166a8\" data-element_type=\"column\" data-e-type=\"column\">\n\t\t\t<div class=\"elementor-widget-wrap elementor-element-populated\">\n\t\t\t\t\t\t<div class=\"elementor-element elementor-element-3bd0bf1 elementor-widget elementor-widget-iimagebox1\" data-id=\"3bd0bf1\" data-element_type=\"widget\" data-e-type=\"widget\" data-widget_type=\"iimagebox1.default\">\n\t\t\t\t<div class=\"elementor-widget-container\">\n\t\t\t\t\t\t\t<a class=\"ot-image-box\" href=\"#\">\n\t\t\t<div class=\"overlay\">\n\t        \t<h4>\u00daNETE A NOSOTROS<\/h4>\n\t\t\t<\/div>\n\t\t\t<img decoding=\"async\" src=\"https:\/\/engitech.s3.amazonaws.com\/images\/image-box1.jpg\" alt=\"\u00daNETE A NOSOTROS\">\n\t\t<\/a>\n\t    \t\t\t\t<\/div>\n\t\t\t\t<\/div>\n\t\t\t\t\t<\/div>\n\t\t<\/div>\n\t\t\t\t\t<\/div>\n\t\t<\/section>\n\t\t\t\t\t<\/div>\n\t\t<\/div>\n\t\t\t\t\t<\/div>\n\t\t<\/section>\n\t\t\t\t<section class=\"elementor-section elementor-top-section elementor-element elementor-element-170a49a ot-traditional elementor-section-boxed elementor-section-height-default elementor-section-height-default\" data-id=\"170a49a\" data-element_type=\"section\" data-e-type=\"section\" data-settings=\"{&quot;background_background&quot;:&quot;classic&quot;}\">\n\t\t\t\t\t\t\t<div class=\"elementor-background-overlay\"><\/div>\n\t\t\t\t\t\t\t<div class=\"elementor-container elementor-column-gap-extended\">\n\t\t\t\t\t<div class=\"elementor-column elementor-col-50 elementor-top-column elementor-element elementor-element-43f1d1e ot-flex-column-vertical\" data-id=\"43f1d1e\" data-element_type=\"column\" data-e-type=\"column\">\n\t\t\t<div class=\"elementor-widget-wrap elementor-element-populated\">\n\t\t\t\t\t\t<div class=\"elementor-element elementor-element-d41fd46 elementor-widget elementor-widget-image\" data-id=\"d41fd46\" data-element_type=\"widget\" data-e-type=\"widget\" data-widget_type=\"image.default\">\n\t\t\t\t\t\t\t\t\t\t\t\t\t\t\t<img fetchpriority=\"high\" decoding=\"async\" width=\"665\" height=\"493\" src=\"https:\/\/iadrivers.com\/wp-content\/uploads\/2020\/02\/image1-about.png\" class=\"attachment-full size-full wp-image-5694\" alt=\"\" srcset=\"https:\/\/iadrivers.com\/wp-content\/uploads\/2020\/02\/image1-about.png 665w, https:\/\/iadrivers.com\/wp-content\/uploads\/2020\/02\/image1-about-600x445.png 600w, https:\/\/iadrivers.com\/wp-content\/uploads\/2020\/02\/image1-about-300x222.png 300w\" sizes=\"(max-width: 665px) 100vw, 665px\" \/>\t\t\t\t\t\t\t\t\t\t\t\t\t\t\t<\/div>\n\t\t\t\t\t<\/div>\n\t\t<\/div>\n\t\t\t\t<div class=\"elementor-column elementor-col-50 elementor-top-column elementor-element elementor-element-6a613e7 ot-flex-column-vertical\" data-id=\"6a613e7\" data-element_type=\"column\" data-e-type=\"column\">\n\t\t\t<div class=\"elementor-widget-wrap elementor-element-populated\">\n\t\t\t\t\t\t<div class=\"elementor-element elementor-element-2a85ab8 elementor-widget elementor-widget-iheading\" data-id=\"2a85ab8\" data-element_type=\"widget\" data-e-type=\"widget\" data-widget_type=\"iheading.default\">\n\t\t\t\t<div class=\"elementor-widget-container\">\n\t\t\t\t\t\t\t<div class=\"ot-heading\">\n\t        \t            <span>\/\/ QU\u00c9 OFRECEMOS<\/span>\n\t        <h2 class=\"main-heading\">\u00bfQu\u00e9 ofrece IAdrivers?<\/h2>\t    <\/div>\n\t    \t\t\t\t<\/div>\n\t\t\t\t<\/div>\n\t\t\t\t<section class=\"elementor-section elementor-inner-section elementor-element elementor-element-3c9f961 elementor-section-full_width ot-traditional elementor-section-height-default elementor-section-height-default\" data-id=\"3c9f961\" data-element_type=\"section\" data-e-type=\"section\">\n\t\t\t\t\t\t<div class=\"elementor-container elementor-column-gap-default\">\n\t\t\t\t\t<div class=\"elementor-column elementor-col-100 elementor-inner-column elementor-element elementor-element-75497dc ot-flex-column-vertical\" data-id=\"75497dc\" data-element_type=\"column\" data-e-type=\"column\">\n\t\t\t<div class=\"elementor-widget-wrap elementor-element-populated\">\n\t\t\t\t\t\t<div class=\"elementor-element elementor-element-1c89921 elementor-widget elementor-widget-heading\" data-id=\"1c89921\" data-element_type=\"widget\" data-e-type=\"widget\" data-widget_type=\"heading.default\">\n\t\t\t\t\t<h5 class=\"elementor-heading-title elementor-size-default\">Crecimiento profesional y personal<\/h5>\t\t\t\t<\/div>\n\t\t\t\t<div class=\"elementor-element elementor-element-d3c7251 elementor-widget elementor-widget-text-editor\" data-id=\"d3c7251\" data-element_type=\"widget\" data-e-type=\"widget\" data-widget_type=\"text-editor.default\">\n\t\t\t\t\t\t\t\t\t<p>Con IAdrivers, queremos ofrecer a las nuevas generaciones una trayectoria reconocida y valorada de crecimiento profesional y personal, para que se conviertan en los verdaderos protagonistas de la movilidad del futuro.<\/p>\t\t\t\t\t\t\t\t<\/div>\n\t\t\t\t\t<\/div>\n\t\t<\/div>\n\t\t\t\t\t<\/div>\n\t\t<\/section>\n\t\t\t\t\t<\/div>\n\t\t<\/div>\n\t\t\t\t\t<\/div>\n\t\t<\/section>\n\t\t\t\t<section class=\"elementor-section elementor-top-section elementor-element elementor-element-db45bce ot-traditional elementor-section-boxed elementor-section-height-default elementor-section-height-default\" data-id=\"db45bce\" data-element_type=\"section\" data-e-type=\"section\" data-settings=\"{&quot;background_background&quot;:&quot;classic&quot;}\">\n\t\t\t\t\t\t<div class=\"elementor-container elementor-column-gap-default\">\n\t\t\t\t\t<div class=\"elementor-column elementor-col-100 elementor-top-column elementor-element elementor-element-aa78013 ot-flex-column-vertical\" data-id=\"aa78013\" data-element_type=\"column\" data-e-type=\"column\">\n\t\t\t<div class=\"elementor-widget-wrap elementor-element-populated\">\n\t\t\t\t\t\t<div class=\"elementor-element elementor-element-924103c elementor-widget elementor-widget-iheading\" data-id=\"924103c\" data-element_type=\"widget\" data-e-type=\"widget\" data-widget_type=\"iheading.default\">\n\t\t\t\t<div class=\"elementor-widget-container\">\n\t\t\t\t\t\t\t<div class=\"ot-heading\">\n\t        \t            <span>\/\/ Colaboradores<\/span>\n\t        <h2 class=\"main-heading\">Gesti\u00f3n del Proyecto<\/h2>\t    <\/div>\n\t    \t\t\t\t<\/div>\n\t\t\t\t<\/div>\n\t\t\t\t<div class=\"elementor-element elementor-element-cb963fe elementor-widget elementor-widget-text-editor\" data-id=\"cb963fe\" data-element_type=\"widget\" data-e-type=\"widget\" data-widget_type=\"text-editor.default\">\n\t\t\t\t\t\t\t\t\t<p>La iniciativa nace de la experiencia personal de Cecilia Herrera, ingeniera civil industrial y emprendedora, quien descubri\u00f3 una fuente \u00fanica de valores, visi\u00f3n y perspectivas de futuro en el sector del transporte por carretera.<\/p><p>Sus d\u00e9cadas de experiencia como fundadora y gerente de una empresa de transporte terrestre en el norte de Italia le han permitido comprender desde dentro la vida de los camioneros, la realidad actual del sector y sus perspectivas de futuro. Esto le ha permitido concebir este proyecto, donde humanidad y tecnolog\u00eda se unen en un firme compromiso por dar un nuevo valor y relevancia a la profesi\u00f3n de conductor en el mundo del 5G, la sostenibilidad y la intermodalidad.<\/p><p>Pero una gran tarea requiere grandes jugadores y especialistas, y por ello, Rosy Falcone, autoridad en el mundo del coaching, creadora de metodolog\u00edas innovadoras de eficacia demostrada en el mundo del deporte de competici\u00f3n, la farmacia y el sector m\u00e9dico, entre otros, y mentora de emprendedores de alto nivel, fue invitada a unirse al equipo. Comprendi\u00f3 y comparti\u00f3 el reto propuesto, que, con sus metodolog\u00edas y experiencia, ayud\u00f3 a plasmar y convertir en una realidad concreta.<\/p><p>Reconociendo el gran valor de la propuesta m\u00e1s all\u00e1 de las fronteras italianas, el proyecto se complet\u00f3 con la incorporaci\u00f3n, a nivel directivo, del talento de Rose Marie Redondo, quien aport\u00f3 un profundo conocimiento del mundo de los pilotos de aerol\u00edneas, aportando nuevas perspectivas metodol\u00f3gicas junto con una amplia experiencia en liderazgo de equipos y en el desarrollo de estrategias empresariales exitosas, para su aplicaci\u00f3n en el desarrollo de la iniciativa en Espa\u00f1a.<\/p>\t\t\t\t\t\t\t\t<\/div>\n\t\t\t\t<section class=\"elementor-section elementor-inner-section elementor-element elementor-element-00948eb elementor-section-full_width ot-traditional elementor-section-height-default elementor-section-height-default\" data-id=\"00948eb\" data-element_type=\"section\" data-e-type=\"section\">\n\t\t\t\t\t\t<div class=\"elementor-container elementor-column-gap-no\">\n\t\t\t\t\t<div class=\"elementor-column elementor-col-33 elementor-inner-column elementor-element elementor-element-6ec44f4 ot-flex-column-vertical\" data-id=\"6ec44f4\" data-element_type=\"column\" data-e-type=\"column\">\n\t\t\t<div class=\"elementor-widget-wrap elementor-element-populated\">\n\t\t\t\t\t\t<div class=\"elementor-element elementor-element-4d2cc84 elementor-widget elementor-widget-imember\" data-id=\"4d2cc84\" data-element_type=\"widget\" data-e-type=\"widget\" data-widget_type=\"imember.default\">\n\t\t\t\t<div class=\"elementor-widget-container\">\n\t\t\t\t\t\n\t\t<div class=\"team-wrap\">\n\t\t\t\t\t\t<div class=\"team-thumb\">\n\t\t\t\t<img decoding=\"async\" width=\"169\" height=\"300\" src=\"https:\/\/iadrivers.com\/wp-content\/uploads\/2025\/11\/1573024903124-169x300.jpeg\" class=\"attachment-medium size-medium wp-image-5565\" alt=\"\" srcset=\"https:\/\/iadrivers.com\/wp-content\/uploads\/2025\/11\/1573024903124-169x300.jpeg 169w, https:\/\/iadrivers.com\/wp-content\/uploads\/2025\/11\/1573024903124-576x1024.jpeg 576w, https:\/\/iadrivers.com\/wp-content\/uploads\/2025\/11\/1573024903124-768x1366.jpeg 768w, https:\/\/iadrivers.com\/wp-content\/uploads\/2025\/11\/1573024903124-863x1536.jpeg 863w, https:\/\/iadrivers.com\/wp-content\/uploads\/2025\/11\/1573024903124-1151x2048.jpeg 1151w, https:\/\/iadrivers.com\/wp-content\/uploads\/2025\/11\/1573024903124-720x1281.jpeg 720w, https:\/\/iadrivers.com\/wp-content\/uploads\/2025\/11\/1573024903124-600x1067.jpeg 600w, https:\/\/iadrivers.com\/wp-content\/uploads\/2025\/11\/1573024903124.jpeg 1280w\" sizes=\"(max-width: 169px) 100vw, 169px\" \/>\t\t\t\t                    <div class=\"team-social flex-middle\">\n                    \t<div>\n                                                                                    <a rel=\"nofollow\" \n                                        href=\"#\" class=\"linkedin\">\n                                     <i class=\"fab fa-linkedin-in\"><\/i>\n                                <\/a>\n                                                                                                                <a rel=\"nofollow\" \n                                        href=\"#\" class=\"instagram\">\n                                     <i class=\"fab fa-instagram\"><\/i>\n                                <\/a>\n                                                                        \t<\/div>\n                    <\/div>  \n                \t\t\t<\/div>\n\t\t\t\t\t\t<div class=\"team-info\">\n\t\t\t\t<h4>Cecilia Herrera<\/h4>\n\t\t\t\t<span>CEO, FUNDADORA Y CREADORA\n<br>DEL M\u00c9TODO IADRIVERS\n\n\n<\/span>\n\t\t\t<\/div>\n\t\t<\/div>\n\t        \n\t    \t\t\t\t<\/div>\n\t\t\t\t<\/div>\n\t\t\t\t\t<\/div>\n\t\t<\/div>\n\t\t\t\t<div class=\"elementor-column elementor-col-33 elementor-inner-column elementor-element elementor-element-99bea18 ot-flex-column-vertical\" data-id=\"99bea18\" data-element_type=\"column\" data-e-type=\"column\">\n\t\t\t<div class=\"elementor-widget-wrap elementor-element-populated\">\n\t\t\t\t\t\t<div class=\"elementor-element elementor-element-e50944d elementor-widget elementor-widget-imember\" data-id=\"e50944d\" data-element_type=\"widget\" data-e-type=\"widget\" data-widget_type=\"imember.default\">\n\t\t\t\t<div class=\"elementor-widget-container\">\n\t\t\t\t\t\n\t\t<div class=\"team-wrap\">\n\t\t\t\t\t\t<div class=\"team-thumb\">\n\t\t\t\t<img decoding=\"async\" width=\"200\" height=\"300\" src=\"https:\/\/iadrivers.com\/wp-content\/uploads\/2025\/11\/Foto-Rosy-Falcone_Responsabile-area-Mental-Driver-Coach-200x300.jpeg\" class=\"attachment-medium size-medium wp-image-5554\" alt=\"\" srcset=\"https:\/\/iadrivers.com\/wp-content\/uploads\/2025\/11\/Foto-Rosy-Falcone_Responsabile-area-Mental-Driver-Coach-200x300.jpeg 200w, https:\/\/iadrivers.com\/wp-content\/uploads\/2025\/11\/Foto-Rosy-Falcone_Responsabile-area-Mental-Driver-Coach-600x900.jpeg 600w, https:\/\/iadrivers.com\/wp-content\/uploads\/2025\/11\/Foto-Rosy-Falcone_Responsabile-area-Mental-Driver-Coach.jpeg 667w\" sizes=\"(max-width: 200px) 100vw, 200px\" \/>\t\t\t\t                    <div class=\"team-social flex-middle\">\n                    \t<div>\n                                                                                    <a rel=\"nofollow\" \n                                        href=\"#\" class=\"linkedin\">\n                                     <i class=\"fab fa-linkedin-in\"><\/i>\n                                <\/a>\n                                                                                                                <a rel=\"nofollow\" \n                                        href=\"#\" class=\"instagram\">\n                                     <i class=\"fab fa-instagram\"><\/i>\n                                <\/a>\n                                                                        \t<\/div>\n                    <\/div>  \n                \t\t\t<\/div>\n\t\t\t\t\t\t<div class=\"team-info\">\n\t\t\t\t<h4>Rosy Falcone <\/h4>\n\t\t\t\t<span>GERENTE \n<br>AREA COACHING\n<\/span>\n\t\t\t<\/div>\n\t\t<\/div>\n\t        \n\t    \t\t\t\t<\/div>\n\t\t\t\t<\/div>\n\t\t\t\t\t<\/div>\n\t\t<\/div>\n\t\t\t\t<div class=\"elementor-column elementor-col-33 elementor-inner-column elementor-element elementor-element-2a31666 ot-flex-column-vertical\" data-id=\"2a31666\" data-element_type=\"column\" data-e-type=\"column\">\n\t\t\t<div class=\"elementor-widget-wrap elementor-element-populated\">\n\t\t\t\t\t\t<div class=\"elementor-element elementor-element-0dd3651 elementor-widget elementor-widget-imember\" data-id=\"0dd3651\" data-element_type=\"widget\" data-e-type=\"widget\" data-widget_type=\"imember.default\">\n\t\t\t\t<div class=\"elementor-widget-container\">\n\t\t\t\t\t\n\t\t<div class=\"team-wrap\">\n\t\t\t\t\t\t<div class=\"team-thumb\">\n\t\t\t\t<img loading=\"lazy\" decoding=\"async\" width=\"225\" height=\"300\" src=\"https:\/\/iadrivers.com\/wp-content\/uploads\/2025\/09\/FOTO-ROSEMARIE-REDONDO-225x300.jpeg\" class=\"attachment-medium size-medium wp-image-5375\" alt=\"\" srcset=\"https:\/\/iadrivers.com\/wp-content\/uploads\/2025\/09\/FOTO-ROSEMARIE-REDONDO-225x300.jpeg 225w, https:\/\/iadrivers.com\/wp-content\/uploads\/2025\/09\/FOTO-ROSEMARIE-REDONDO-767x1024.jpeg 767w, https:\/\/iadrivers.com\/wp-content\/uploads\/2025\/09\/FOTO-ROSEMARIE-REDONDO-768x1025.jpeg 768w, https:\/\/iadrivers.com\/wp-content\/uploads\/2025\/09\/FOTO-ROSEMARIE-REDONDO-720x961.jpeg 720w, https:\/\/iadrivers.com\/wp-content\/uploads\/2025\/09\/FOTO-ROSEMARIE-REDONDO-600x801.jpeg 600w, https:\/\/iadrivers.com\/wp-content\/uploads\/2025\/09\/FOTO-ROSEMARIE-REDONDO.jpeg 959w\" sizes=\"(max-width: 225px) 100vw, 225px\" \/>\t\t\t\t                    <div class=\"team-social flex-middle\">\n                    \t<div>\n                                                                                    <a rel=\"nofollow\" \n                                        href=\"#\" class=\"linkedin\">\n                                     <i class=\"fab fa-linkedin-in\"><\/i>\n                                <\/a>\n                                                                                                                <a rel=\"nofollow\" \n                                        href=\"#\" class=\"instagram\">\n                                     <i class=\"fab fa-instagram\"><\/i>\n                                <\/a>\n                                                                        \t<\/div>\n                    <\/div>  \n                \t\t\t<\/div>\n\t\t\t\t\t\t<div class=\"team-info\">\n\t\t\t\t<h4>Rose Marie Redondo Toledo <\/h4>\n\t\t\t\t<span>GERENTE DE DESARROLLO\n<br>EN ESPA\u00d1A\n<\/span>\n\t\t\t<\/div>\n\t\t<\/div>\n\t        \n\t    \t\t\t\t<\/div>\n\t\t\t\t<\/div>\n\t\t\t\t\t<\/div>\n\t\t<\/div>\n\t\t\t\t\t<\/div>\n\t\t<\/section>\n\t\t\t\t\t<\/div>\n\t\t<\/div>\n\t\t\t\t\t<\/div>\n\t\t<\/section>\n\t\t<div class=\"elementor-element elementor-element-189bce8 e-flex e-con-boxed e-con e-parent\" data-id=\"189bce8\" data-element_type=\"container\" data-e-type=\"container\">\n\t\t\t\t\t<div class=\"e-con-inner\">\n\t\t\t\t<div class=\"elementor-element elementor-element-607dabd elementor-align-center elementor-widget elementor-widget-button\" data-id=\"607dabd\" data-element_type=\"widget\" data-e-type=\"widget\" data-widget_type=\"button.default\">\n\t\t\t\t\t\t\t\t\t\t<a class=\"elementor-button elementor-button-link elementor-size-sm\" href=\"https:\/\/iadrivers.com\/es\/nuestro-equipo\/%20\">\n\t\t\t\t\t\t<span class=\"elementor-button-content-wrapper\">\n\t\t\t\t\t\t\t\t\t<span class=\"elementor-button-text\">DESCUBRE AL RESTO DEL EQUIPO<\/span>\n\t\t\t\t\t<\/span>\n\t\t\t\t\t<\/a>\n\t\t\t\t\t\t\t\t<\/div>\n\t\t\t\t\t<\/div>\n\t\t\t\t<\/div>\n\t\t\t\t<section class=\"elementor-section elementor-top-section elementor-element elementor-element-b515ab4 ot-traditional elementor-section-boxed elementor-section-height-default elementor-section-height-default\" data-id=\"b515ab4\" data-element_type=\"section\" data-e-type=\"section\" data-settings=\"{&quot;background_background&quot;:&quot;classic&quot;}\">\n\t\t\t\t\t\t<div class=\"elementor-container elementor-column-gap-default\">\n\t\t\t\t\t<div class=\"elementor-column elementor-col-100 elementor-top-column elementor-element elementor-element-5415ded ot-flex-column-vertical\" data-id=\"5415ded\" data-element_type=\"column\" data-e-type=\"column\">\n\t\t\t<div class=\"elementor-widget-wrap elementor-element-populated\">\n\t\t\t\t<div class=\"elementor-element elementor-element-37d651a e-grid e-con-full e-con e-parent\" data-id=\"37d651a\" data-element_type=\"container\" data-e-type=\"container\">\n\t\t\t\t<div class=\"elementor-element elementor-element-ae32b59 elementor-widget elementor-widget-image\" data-id=\"ae32b59\" data-element_type=\"widget\" data-e-type=\"widget\" data-widget_type=\"image.default\">\n\t\t\t\t\t\t\t\t\t\t\t\t\t\t\t\t<a href=\"https:\/\/elfeinformatica.com\/\">\n\t\t\t\t\t\t\t<img loading=\"lazy\" decoding=\"async\" width=\"150\" height=\"106\" src=\"https:\/\/iadrivers.com\/wp-content\/uploads\/2025\/11\/logo-elfe.gif\" class=\"attachment-full size-full wp-image-5696\" alt=\"\" \/>\t\t\t\t\t\t\t\t<\/a>\n\t\t\t\t\t\t\t\t\t\t\t\t\t\t\t<\/div>\n\t\t\t\t<div class=\"elementor-element elementor-element-939e9a1 elementor-widget elementor-widget-image\" data-id=\"939e9a1\" data-element_type=\"widget\" data-e-type=\"widget\" data-widget_type=\"image.default\">\n\t\t\t\t\t\t\t\t\t\t\t\t\t\t\t\t<a href=\"https:\/\/professionaldriveacademy.com\/\">\n\t\t\t\t\t\t\t<img loading=\"lazy\" decoding=\"async\" width=\"150\" height=\"106\" src=\"https:\/\/iadrivers.com\/wp-content\/uploads\/2025\/12\/pda.gif\" class=\"attachment-full size-full wp-image-5697\" alt=\"\" \/>\t\t\t\t\t\t\t\t<\/a>\n\t\t\t\t\t\t\t\t\t\t\t\t\t\t\t<\/div>\n\t\t\t\t<div class=\"elementor-element elementor-element-64be84b elementor-widget elementor-widget-image\" data-id=\"64be84b\" data-element_type=\"widget\" data-e-type=\"widget\" data-widget_type=\"image.default\">\n\t\t\t\t\t\t\t\t\t\t\t\t\t\t\t\t<a href=\"https:\/\/www.golia360.com\/\">\n\t\t\t\t\t\t\t<img loading=\"lazy\" decoding=\"async\" width=\"150\" height=\"106\" src=\"https:\/\/iadrivers.com\/wp-content\/uploads\/2025\/12\/golia.gif\" class=\"attachment-full size-full wp-image-5698\" alt=\"\" \/>\t\t\t\t\t\t\t\t<\/a>\n\t\t\t\t\t\t\t\t\t\t\t\t\t\t\t<\/div>\n\t\t\t\t<div class=\"elementor-element elementor-element-4834397 elementor-widget elementor-widget-image\" data-id=\"4834397\" data-element_type=\"widget\" data-e-type=\"widget\" data-widget_type=\"image.default\">\n\t\t\t\t\t\t\t\t\t\t\t\t\t\t\t\t<a href=\"http:\/\/www.myndcoaching.com\">\n\t\t\t\t\t\t\t<img loading=\"lazy\" decoding=\"async\" width=\"150\" height=\"106\" src=\"https:\/\/iadrivers.com\/wp-content\/uploads\/2025\/12\/mynd.gif\" class=\"attachment-full size-full wp-image-5699\" alt=\"\" \/>\t\t\t\t\t\t\t\t<\/a>\n\t\t\t\t\t\t\t\t\t\t\t\t\t\t\t<\/div>\n\t\t\t\t<\/div>\n\t\t\t\t\t<\/div>\n\t\t<\/div>\n\t\t\t\t\t<\/div>\n\t\t<\/section>\n\t\t\t\t<\/div>\n\t\t","protected":false},"excerpt":{"rendered":"<p>\/\/ QUI\u00c9NES SOMOS IAdrivers es un proyecto de formaci\u00f3n innovador IAdrivers es un proyecto de formaci\u00f3n innovador que une tecnolog\u00eda y humanidad para potenciar las profesiones m\u00e1s antiguas y fundamentales en el futuro: la conducci\u00f3n de veh\u00edculos de gran tama\u00f1o (camiones, barcos, aviones).Una profesi\u00f3n fundamental para el desarrollo del mundo moderno, pero que hoy corre [&hellip;]<\/p>\n","protected":false},"author":1,"featured_media":0,"parent":0,"menu_order":0,"comment_status":"closed","ping_status":"closed","template":"","meta":{"footnotes":""},"class_list":["post-5675","page","type-page","status-publish","hentry"],"jetpack_sharing_enabled":true,"_links":{"self":[{"href":"https:\/\/iadrivers.com\/es\/wp-json\/wp\/v2\/pages\/5675","targetHints":{"allow":["GET"]}}],"collection":[{"href":"https:\/\/iadrivers.com\/es\/wp-json\/wp\/v2\/pages"}],"about":[{"href":"https:\/\/iadrivers.com\/es\/wp-json\/wp\/v2\/types\/page"}],"author":[{"embeddable":true,"href":"https:\/\/iadrivers.com\/es\/wp-json\/wp\/v2\/users\/1"}],"replies":[{"embeddable":true,"href":"https:\/\/iadrivers.com\/es\/wp-json\/wp\/v2\/comments?post=5675"}],"version-history":[{"count":26,"href":"https:\/\/iadrivers.com\/es\/wp-json\/wp\/v2\/pages\/5675\/revisions"}],"predecessor-version":[{"id":5916,"href":"https:\/\/iadrivers.com\/es\/wp-json\/wp\/v2\/pages\/5675\/revisions\/5916"}],"wp:attachment":[{"href":"https:\/\/iadrivers.com\/es\/wp-json\/wp\/v2\/media?parent=5675"}],"curies":[{"name":"wp","href":"https:\/\/api.w.org\/{rel}","templated":true}]}}