{"id":5685,"date":"2020-01-06T03:56:28","date_gmt":"2020-01-06T02:56:28","guid":{"rendered":"https:\/\/iadrivers.com\/il-nostro-team\/"},"modified":"2026-01-09T11:44:38","modified_gmt":"2026-01-09T10:44:38","slug":"nuestro-equipo","status":"publish","type":"page","link":"https:\/\/iadrivers.com\/es\/nuestro-equipo\/","title":{"rendered":"Nuestro equipo"},"content":{"rendered":"\t\t<div data-elementor-type=\"wp-page\" data-elementor-id=\"5685\" class=\"elementor elementor-5685 elementor-1428\">\n\t\t\t\t\t\t<section class=\"elementor-section elementor-top-section elementor-element elementor-element-63f7879 ot-traditional elementor-section-boxed elementor-section-height-default elementor-section-height-default\" data-id=\"63f7879\" data-element_type=\"section\" data-e-type=\"section\" data-settings=\"{&quot;background_background&quot;:&quot;classic&quot;}\">\n\t\t\t\t\t\t<div class=\"elementor-container elementor-column-gap-default\">\n\t\t\t\t\t<div class=\"elementor-column elementor-col-100 elementor-top-column elementor-element elementor-element-c290023 ot-flex-column-vertical\" data-id=\"c290023\" data-element_type=\"column\" data-e-type=\"column\">\n\t\t\t<div class=\"elementor-widget-wrap elementor-element-populated\">\n\t\t\t\t\t\t<div class=\"elementor-element elementor-element-91e59b8 elementor-widget elementor-widget-iheading\" data-id=\"91e59b8\" data-element_type=\"widget\" data-e-type=\"widget\" data-widget_type=\"iheading.default\">\n\t\t\t\t<div class=\"elementor-widget-container\">\n\t\t\t\t\t\t\t<div class=\"ot-heading\">\n\t        \t            <span>GERENTE: ROSY FALCONE<\/span>\n\t        <h2 class=\"main-heading\">AREA MENTAL COACH\n<\/h2>\t    <\/div>\n\t    \t\t\t\t<\/div>\n\t\t\t\t<\/div>\n\t\t\t\t<div class=\"elementor-element elementor-element-e4b42da elementor-widget elementor-widget-text-editor\" data-id=\"e4b42da\" data-element_type=\"widget\" data-e-type=\"widget\" data-widget_type=\"text-editor.default\">\n\t\t\t\t\t\t\t\t\t<p>Conducir bien tambi\u00e9n significa saber guiar la mente.<br \/>Con Rosy Falcone y el equipo de Mental Coach, presentes en Italia, Suiza y Espa\u00f1a, acompa\u00f1amos a los conductores en un viaje de consciencia, equilibrio y empoderamiento mental.<\/p>\t\t\t\t\t\t\t\t<\/div>\n\t\t\t\t<section class=\"elementor-section elementor-inner-section elementor-element elementor-element-dceb922 elementor-section-full_width ot-traditional elementor-section-height-default elementor-section-height-default\" data-id=\"dceb922\" data-element_type=\"section\" data-e-type=\"section\">\n\t\t\t\t\t\t<div class=\"elementor-container elementor-column-gap-no\">\n\t\t\t\t\t<div class=\"elementor-column elementor-col-33 elementor-inner-column elementor-element elementor-element-8cced26 ot-flex-column-vertical\" data-id=\"8cced26\" data-element_type=\"column\" data-e-type=\"column\">\n\t\t\t<div class=\"elementor-widget-wrap elementor-element-populated\">\n\t\t\t\t\t\t<div class=\"elementor-element elementor-element-c882360 elementor-widget elementor-widget-imember\" data-id=\"c882360\" data-element_type=\"widget\" data-e-type=\"widget\" data-widget_type=\"imember.default\">\n\t\t\t\t<div class=\"elementor-widget-container\">\n\t\t\t\t\t\n\t\t<div class=\"team-wrap\">\n\t\t\t\t\t\t<div class=\"team-thumb\">\n\t\t\t\t<img fetchpriority=\"high\" decoding=\"async\" width=\"200\" height=\"300\" src=\"https:\/\/iadrivers.com\/wp-content\/uploads\/2025\/10\/Foto-Luciano-Ruggeri_Mental-Driver-Coach-200x300.jpeg\" class=\"attachment-medium size-medium wp-image-5522\" alt=\"\" srcset=\"https:\/\/iadrivers.com\/wp-content\/uploads\/2025\/10\/Foto-Luciano-Ruggeri_Mental-Driver-Coach-200x300.jpeg 200w, https:\/\/iadrivers.com\/wp-content\/uploads\/2025\/10\/Foto-Luciano-Ruggeri_Mental-Driver-Coach.jpeg 427w\" sizes=\"(max-width: 200px) 100vw, 200px\" \/>\t\t\t\t                    <div class=\"team-social flex-middle\">\n                    \t<div>\n                                                                                    <a rel=\"nofollow\" \n                                        href=\"#\" class=\"linkedin\">\n                                     <i class=\"fab fa-linkedin-in\"><\/i>\n                                <\/a>\n                                                                        \t<\/div>\n                    <\/div>  \n                \t\t\t<\/div>\n\t\t\t\t\t\t<div class=\"team-info\">\n\t\t\t\t<h4>Luciano Ruggeri<\/h4>\n\t\t\t\t<span>Mental Driver Coach \u2013 Italia\n<\/span>\n\t\t\t<\/div>\n\t\t<\/div>\n\t        \n\t    \t\t\t\t<\/div>\n\t\t\t\t<\/div>\n\t\t\t\t\t<\/div>\n\t\t<\/div>\n\t\t\t\t<div class=\"elementor-column elementor-col-33 elementor-inner-column elementor-element elementor-element-6eb83c5 ot-flex-column-vertical\" data-id=\"6eb83c5\" data-element_type=\"column\" data-e-type=\"column\">\n\t\t\t<div class=\"elementor-widget-wrap elementor-element-populated\">\n\t\t\t\t\t\t<div class=\"elementor-element elementor-element-c3f1304 elementor-widget elementor-widget-imember\" data-id=\"c3f1304\" data-element_type=\"widget\" data-e-type=\"widget\" data-widget_type=\"imember.default\">\n\t\t\t\t<div class=\"elementor-widget-container\">\n\t\t\t\t\t\n\t\t<div class=\"team-wrap\">\n\t\t\t\t\t\t<div class=\"team-thumb\">\n\t\t\t\t<img decoding=\"async\" width=\"211\" height=\"300\" src=\"https:\/\/iadrivers.com\/wp-content\/uploads\/2025\/10\/Foto-Edoardo-Iazzetti-MEntal-Driver-Coach-scaled-e1761819382992-211x300.jpeg\" class=\"attachment-medium size-medium wp-image-5539\" alt=\"\" srcset=\"https:\/\/iadrivers.com\/wp-content\/uploads\/2025\/10\/Foto-Edoardo-Iazzetti-MEntal-Driver-Coach-scaled-e1761819382992-211x300.jpeg 211w, https:\/\/iadrivers.com\/wp-content\/uploads\/2025\/10\/Foto-Edoardo-Iazzetti-MEntal-Driver-Coach-scaled-e1761819382992-722x1024.jpeg 722w, https:\/\/iadrivers.com\/wp-content\/uploads\/2025\/10\/Foto-Edoardo-Iazzetti-MEntal-Driver-Coach-scaled-e1761819382992-768x1090.jpeg 768w, https:\/\/iadrivers.com\/wp-content\/uploads\/2025\/10\/Foto-Edoardo-Iazzetti-MEntal-Driver-Coach-scaled-e1761819382992-1083x1536.jpeg 1083w, https:\/\/iadrivers.com\/wp-content\/uploads\/2025\/10\/Foto-Edoardo-Iazzetti-MEntal-Driver-Coach-scaled-e1761819382992-1444x2048.jpeg 1444w, https:\/\/iadrivers.com\/wp-content\/uploads\/2025\/10\/Foto-Edoardo-Iazzetti-MEntal-Driver-Coach-scaled-e1761819382992-720x1021.jpeg 720w, https:\/\/iadrivers.com\/wp-content\/uploads\/2025\/10\/Foto-Edoardo-Iazzetti-MEntal-Driver-Coach-scaled-e1761819382992-600x851.jpeg 600w, https:\/\/iadrivers.com\/wp-content\/uploads\/2025\/10\/Foto-Edoardo-Iazzetti-MEntal-Driver-Coach-scaled-e1761819382992.jpeg 1624w\" sizes=\"(max-width: 211px) 100vw, 211px\" \/>\t\t\t\t                    <div class=\"team-social flex-middle\">\n                    \t<div>\n                                                                                    <a rel=\"nofollow\" \n                                        href=\"#\" class=\"linkedin\">\n                                     <i class=\"fab fa-linkedin-in\"><\/i>\n                                <\/a>\n                                                                        \t<\/div>\n                    <\/div>  \n                \t\t\t<\/div>\n\t\t\t\t\t\t<div class=\"team-info\">\n\t\t\t\t<h4>Edoardo Iazzetti<\/h4>\n\t\t\t\t<span>Mental Driver Coach \u2013 Italia\n<\/span>\n\t\t\t<\/div>\n\t\t<\/div>\n\t        \n\t    \t\t\t\t<\/div>\n\t\t\t\t<\/div>\n\t\t\t\t\t<\/div>\n\t\t<\/div>\n\t\t\t\t<div class=\"elementor-column elementor-col-33 elementor-inner-column elementor-element elementor-element-85ab5fa ot-flex-column-vertical\" data-id=\"85ab5fa\" data-element_type=\"column\" data-e-type=\"column\">\n\t\t\t<div class=\"elementor-widget-wrap elementor-element-populated\">\n\t\t\t\t\t\t<div class=\"elementor-element elementor-element-27f9ccd elementor-widget elementor-widget-imember\" data-id=\"27f9ccd\" data-element_type=\"widget\" data-e-type=\"widget\" data-widget_type=\"imember.default\">\n\t\t\t\t<div class=\"elementor-widget-container\">\n\t\t\t\t\t\n\t\t<div class=\"team-wrap\">\n\t\t\t\t\t\t<div class=\"team-thumb\">\n\t\t\t\t<img decoding=\"async\" width=\"225\" height=\"300\" src=\"https:\/\/iadrivers.com\/wp-content\/uploads\/2025\/10\/Foto-Vania-DAlessio-Mental-Driver-Coach-225x300.jpeg\" class=\"attachment-medium size-medium wp-image-5438\" alt=\"\" srcset=\"https:\/\/iadrivers.com\/wp-content\/uploads\/2025\/10\/Foto-Vania-DAlessio-Mental-Driver-Coach-225x300.jpeg 225w, https:\/\/iadrivers.com\/wp-content\/uploads\/2025\/10\/Foto-Vania-DAlessio-Mental-Driver-Coach-768x1023.jpeg 768w, https:\/\/iadrivers.com\/wp-content\/uploads\/2025\/10\/Foto-Vania-DAlessio-Mental-Driver-Coach-1153x1536.jpeg 1153w, https:\/\/iadrivers.com\/wp-content\/uploads\/2025\/10\/Foto-Vania-DAlessio-Mental-Driver-Coach-720x959.jpeg 720w, https:\/\/iadrivers.com\/wp-content\/uploads\/2025\/10\/Foto-Vania-DAlessio-Mental-Driver-Coach-600x800.jpeg 600w, https:\/\/iadrivers.com\/wp-content\/uploads\/2025\/10\/Foto-Vania-DAlessio-Mental-Driver-Coach.jpeg 1200w\" sizes=\"(max-width: 225px) 100vw, 225px\" \/>\t\t\t\t                    <div class=\"team-social flex-middle\">\n                    \t<div>\n                                                                                    <a rel=\"nofollow\" \n                                        href=\"#\" class=\"linkedin\">\n                                     <i class=\"fab fa-linkedin-in\"><\/i>\n                                <\/a>\n                                                                        \t<\/div>\n                    <\/div>  \n                \t\t\t<\/div>\n\t\t\t\t\t\t<div class=\"team-info\">\n\t\t\t\t<h4>Vania D\u2019Alessio<\/h4>\n\t\t\t\t<span>Mental Driver Coach \u2013 Italia\n<\/span>\n\t\t\t<\/div>\n\t\t<\/div>\n\t        \n\t    \t\t\t\t<\/div>\n\t\t\t\t<\/div>\n\t\t\t\t\t<\/div>\n\t\t<\/div>\n\t\t\t\t\t<\/div>\n\t\t<\/section>\n\t\t\t\t<section class=\"elementor-section elementor-inner-section elementor-element elementor-element-4aff5aa elementor-section-full_width ot-traditional elementor-section-height-default elementor-section-height-default\" data-id=\"4aff5aa\" data-element_type=\"section\" data-e-type=\"section\">\n\t\t\t\t\t\t<div class=\"elementor-container elementor-column-gap-no\">\n\t\t\t\t\t<div class=\"elementor-column elementor-col-25 elementor-inner-column elementor-element elementor-element-eca6844 ot-flex-column-vertical\" data-id=\"eca6844\" data-element_type=\"column\" data-e-type=\"column\">\n\t\t\t<div class=\"elementor-widget-wrap\">\n\t\t\t\t\t\t\t<\/div>\n\t\t<\/div>\n\t\t\t\t<div class=\"elementor-column elementor-col-25 elementor-inner-column elementor-element elementor-element-6dd9226 ot-flex-column-vertical\" data-id=\"6dd9226\" data-element_type=\"column\" data-e-type=\"column\">\n\t\t\t<div class=\"elementor-widget-wrap elementor-element-populated\">\n\t\t\t\t\t\t<div class=\"elementor-element elementor-element-d0df6ca elementor-widget elementor-widget-imember\" data-id=\"d0df6ca\" data-element_type=\"widget\" data-e-type=\"widget\" data-widget_type=\"imember.default\">\n\t\t\t\t<div class=\"elementor-widget-container\">\n\t\t\t\t\t\n\t\t<div class=\"team-wrap\">\n\t\t\t\t\t\t<div class=\"team-thumb\">\n\t\t\t\t<img loading=\"lazy\" decoding=\"async\" width=\"284\" height=\"300\" src=\"https:\/\/iadrivers.com\/wp-content\/uploads\/2025\/10\/Foto-Stefano-Franscella_Mental-Driver-Coach-284x300.jpeg\" class=\"attachment-medium size-medium wp-image-5437\" alt=\"\" srcset=\"https:\/\/iadrivers.com\/wp-content\/uploads\/2025\/10\/Foto-Stefano-Franscella_Mental-Driver-Coach-284x300.jpeg 284w, https:\/\/iadrivers.com\/wp-content\/uploads\/2025\/10\/Foto-Stefano-Franscella_Mental-Driver-Coach.jpeg 495w\" sizes=\"(max-width: 284px) 100vw, 284px\" \/>\t\t\t\t                    <div class=\"team-social flex-middle\">\n                    \t<div>\n                                                                                    <a rel=\"nofollow\" \n                                        href=\"#\" class=\"linkedin\">\n                                     <i class=\"fab fa-linkedin-in\"><\/i>\n                                <\/a>\n                                                                        \t<\/div>\n                    <\/div>  \n                \t\t\t<\/div>\n\t\t\t\t\t\t<div class=\"team-info\">\n\t\t\t\t<h4>Stefano Franscella<\/h4>\n\t\t\t\t<span>Mental Driver Coach \u2013 Svizzera\n<\/span>\n\t\t\t<\/div>\n\t\t<\/div>\n\t        \n\t    \t\t\t\t<\/div>\n\t\t\t\t<\/div>\n\t\t\t\t\t<\/div>\n\t\t<\/div>\n\t\t\t\t<div class=\"elementor-column elementor-col-25 elementor-inner-column elementor-element elementor-element-8c53ff0 ot-flex-column-vertical\" data-id=\"8c53ff0\" data-element_type=\"column\" data-e-type=\"column\">\n\t\t\t<div class=\"elementor-widget-wrap elementor-element-populated\">\n\t\t\t\t\t\t<div class=\"elementor-element elementor-element-a7eb1d9 elementor-widget elementor-widget-imember\" data-id=\"a7eb1d9\" data-element_type=\"widget\" data-e-type=\"widget\" data-widget_type=\"imember.default\">\n\t\t\t\t<div class=\"elementor-widget-container\">\n\t\t\t\t\t\n\t\t<div class=\"team-wrap\">\n\t\t\t\t\t\t<div class=\"team-thumb\">\n\t\t\t\t<img loading=\"lazy\" decoding=\"async\" width=\"225\" height=\"300\" src=\"https:\/\/iadrivers.com\/wp-content\/uploads\/2025\/11\/Foto-Daniela-Bresolin-Mental-Driver-Coach-225x300.jpeg\" class=\"attachment-medium size-medium wp-image-5550\" alt=\"\" srcset=\"https:\/\/iadrivers.com\/wp-content\/uploads\/2025\/11\/Foto-Daniela-Bresolin-Mental-Driver-Coach-225x300.jpeg 225w, https:\/\/iadrivers.com\/wp-content\/uploads\/2025\/11\/Foto-Daniela-Bresolin-Mental-Driver-Coach-768x1024.jpeg 768w, https:\/\/iadrivers.com\/wp-content\/uploads\/2025\/11\/Foto-Daniela-Bresolin-Mental-Driver-Coach-1152x1536.jpeg 1152w, https:\/\/iadrivers.com\/wp-content\/uploads\/2025\/11\/Foto-Daniela-Bresolin-Mental-Driver-Coach-720x960.jpeg 720w, https:\/\/iadrivers.com\/wp-content\/uploads\/2025\/11\/Foto-Daniela-Bresolin-Mental-Driver-Coach-600x800.jpeg 600w, https:\/\/iadrivers.com\/wp-content\/uploads\/2025\/11\/Foto-Daniela-Bresolin-Mental-Driver-Coach.jpeg 1536w\" sizes=\"(max-width: 225px) 100vw, 225px\" \/>\t\t\t\t                    <div class=\"team-social flex-middle\">\n                    \t<div>\n                                                                                    <a rel=\"nofollow\" \n                                        href=\"#\" class=\"linkedin\">\n                                     <i class=\"fab fa-linkedin-in\"><\/i>\n                                <\/a>\n                                                                        \t<\/div>\n                    <\/div>  \n                \t\t\t<\/div>\n\t\t\t\t\t\t<div class=\"team-info\">\n\t\t\t\t<h4>Daniela Bresolin<\/h4>\n\t\t\t\t<span>Mental Driver Coach \u2013 Svizzera\n<\/span>\n\t\t\t<\/div>\n\t\t<\/div>\n\t        \n\t    \t\t\t\t<\/div>\n\t\t\t\t<\/div>\n\t\t\t\t\t<\/div>\n\t\t<\/div>\n\t\t\t\t<div class=\"elementor-column elementor-col-25 elementor-inner-column elementor-element elementor-element-8b3e8c1 ot-flex-column-vertical\" data-id=\"8b3e8c1\" data-element_type=\"column\" data-e-type=\"column\">\n\t\t\t<div class=\"elementor-widget-wrap\">\n\t\t\t\t\t\t\t<\/div>\n\t\t<\/div>\n\t\t\t\t\t<\/div>\n\t\t<\/section>\n\t\t\t\t<section class=\"elementor-section elementor-inner-section elementor-element elementor-element-b956810 elementor-section-full_width ot-traditional elementor-section-height-default elementor-section-height-default\" data-id=\"b956810\" data-element_type=\"section\" data-e-type=\"section\">\n\t\t\t\t\t\t<div class=\"elementor-container elementor-column-gap-no\">\n\t\t\t\t\t<div class=\"elementor-column elementor-col-33 elementor-inner-column elementor-element elementor-element-530033c ot-flex-column-vertical\" data-id=\"530033c\" data-element_type=\"column\" data-e-type=\"column\">\n\t\t\t<div class=\"elementor-widget-wrap elementor-element-populated\">\n\t\t\t\t\t\t<div class=\"elementor-element elementor-element-eb6abc0 elementor-widget elementor-widget-imember\" data-id=\"eb6abc0\" data-element_type=\"widget\" data-e-type=\"widget\" data-widget_type=\"imember.default\">\n\t\t\t\t<div class=\"elementor-widget-container\">\n\t\t\t\t\t\n\t\t<div class=\"team-wrap\">\n\t\t\t\t\t\t<div class=\"team-thumb\">\n\t\t\t\t<img loading=\"lazy\" decoding=\"async\" width=\"218\" height=\"300\" src=\"https:\/\/iadrivers.com\/wp-content\/uploads\/2025\/10\/Foto-Albert-Roig_Mental-Driver-Coach_Spagna-218x300.jpeg\" class=\"attachment-medium size-medium wp-image-5515\" alt=\"\" srcset=\"https:\/\/iadrivers.com\/wp-content\/uploads\/2025\/10\/Foto-Albert-Roig_Mental-Driver-Coach_Spagna-218x300.jpeg 218w, https:\/\/iadrivers.com\/wp-content\/uploads\/2025\/10\/Foto-Albert-Roig_Mental-Driver-Coach_Spagna-744x1024.jpeg 744w, https:\/\/iadrivers.com\/wp-content\/uploads\/2025\/10\/Foto-Albert-Roig_Mental-Driver-Coach_Spagna-768x1057.jpeg 768w, https:\/\/iadrivers.com\/wp-content\/uploads\/2025\/10\/Foto-Albert-Roig_Mental-Driver-Coach_Spagna-720x991.jpeg 720w, https:\/\/iadrivers.com\/wp-content\/uploads\/2025\/10\/Foto-Albert-Roig_Mental-Driver-Coach_Spagna-600x826.jpeg 600w, https:\/\/iadrivers.com\/wp-content\/uploads\/2025\/10\/Foto-Albert-Roig_Mental-Driver-Coach_Spagna.jpeg 930w\" sizes=\"(max-width: 218px) 100vw, 218px\" \/>\t\t\t\t                    <div class=\"team-social flex-middle\">\n                    \t<div>\n                                                                                    <a rel=\"nofollow\" \n                                        href=\"#\" class=\"linkedin\">\n                                     <i class=\"fab fa-linkedin-in\"><\/i>\n                                <\/a>\n                                                                        \t<\/div>\n                    <\/div>  \n                \t\t\t<\/div>\n\t\t\t\t\t\t<div class=\"team-info\">\n\t\t\t\t<h4>Albert Roig<\/h4>\n\t\t\t\t<span>Mental Driver Coach \u2013 Spagna\n<\/span>\n\t\t\t<\/div>\n\t\t<\/div>\n\t        \n\t    \t\t\t\t<\/div>\n\t\t\t\t<\/div>\n\t\t\t\t\t<\/div>\n\t\t<\/div>\n\t\t\t\t<div class=\"elementor-column elementor-col-33 elementor-inner-column elementor-element elementor-element-dd473ec ot-flex-column-vertical\" data-id=\"dd473ec\" data-element_type=\"column\" data-e-type=\"column\">\n\t\t\t<div class=\"elementor-widget-wrap elementor-element-populated\">\n\t\t\t\t\t\t<div class=\"elementor-element elementor-element-636212a elementor-widget elementor-widget-imember\" data-id=\"636212a\" data-element_type=\"widget\" data-e-type=\"widget\" data-widget_type=\"imember.default\">\n\t\t\t\t<div class=\"elementor-widget-container\">\n\t\t\t\t\t\n\t\t<div class=\"team-wrap\">\n\t\t\t\t\t\t<div class=\"team-thumb\">\n\t\t\t\t<img loading=\"lazy\" decoding=\"async\" width=\"244\" height=\"300\" src=\"https:\/\/iadrivers.com\/wp-content\/uploads\/2025\/10\/Foto-Francisco-Javier-Silva_Mental-Driver-Coach_Spagna-244x300.jpeg\" class=\"attachment-medium size-medium wp-image-5435\" alt=\"\" srcset=\"https:\/\/iadrivers.com\/wp-content\/uploads\/2025\/10\/Foto-Francisco-Javier-Silva_Mental-Driver-Coach_Spagna-244x300.jpeg 244w, https:\/\/iadrivers.com\/wp-content\/uploads\/2025\/10\/Foto-Francisco-Javier-Silva_Mental-Driver-Coach_Spagna.jpeg 307w\" sizes=\"(max-width: 244px) 100vw, 244px\" \/>\t\t\t\t                    <div class=\"team-social flex-middle\">\n                    \t<div>\n                                                                                    <a rel=\"nofollow\" \n                                        href=\"#\" class=\"linkedin\">\n                                     <i class=\"fab fa-linkedin-in\"><\/i>\n                                <\/a>\n                                                                        \t<\/div>\n                    <\/div>  \n                \t\t\t<\/div>\n\t\t\t\t\t\t<div class=\"team-info\">\n\t\t\t\t<h4>Francisco J. Silva<\/h4>\n\t\t\t\t<span>Mental Driver Coach \u2013 Spagna\n<\/span>\n\t\t\t<\/div>\n\t\t<\/div>\n\t        \n\t    \t\t\t\t<\/div>\n\t\t\t\t<\/div>\n\t\t\t\t\t<\/div>\n\t\t<\/div>\n\t\t\t\t<div class=\"elementor-column elementor-col-33 elementor-inner-column elementor-element elementor-element-1b3fe5d ot-flex-column-vertical\" data-id=\"1b3fe5d\" data-element_type=\"column\" data-e-type=\"column\">\n\t\t\t<div class=\"elementor-widget-wrap elementor-element-populated\">\n\t\t\t\t\t\t<div class=\"elementor-element elementor-element-7b52767 elementor-widget elementor-widget-imember\" data-id=\"7b52767\" data-element_type=\"widget\" data-e-type=\"widget\" data-widget_type=\"imember.default\">\n\t\t\t\t<div class=\"elementor-widget-container\">\n\t\t\t\t\t\n\t\t<div class=\"team-wrap\">\n\t\t\t\t\t\t<div class=\"team-thumb\">\n\t\t\t\t<img loading=\"lazy\" decoding=\"async\" width=\"200\" height=\"300\" src=\"https:\/\/iadrivers.com\/wp-content\/uploads\/2025\/10\/Foto-Riicardo-Sandoval_Mental-Driver-Coach_Spagna-200x300.jpeg\" class=\"attachment-medium size-medium wp-image-5516\" alt=\"\" srcset=\"https:\/\/iadrivers.com\/wp-content\/uploads\/2025\/10\/Foto-Riicardo-Sandoval_Mental-Driver-Coach_Spagna-200x300.jpeg 200w, https:\/\/iadrivers.com\/wp-content\/uploads\/2025\/10\/Foto-Riicardo-Sandoval_Mental-Driver-Coach_Spagna-682x1024.jpeg 682w, https:\/\/iadrivers.com\/wp-content\/uploads\/2025\/10\/Foto-Riicardo-Sandoval_Mental-Driver-Coach_Spagna-768x1152.jpeg 768w, https:\/\/iadrivers.com\/wp-content\/uploads\/2025\/10\/Foto-Riicardo-Sandoval_Mental-Driver-Coach_Spagna-720x1080.jpeg 720w, https:\/\/iadrivers.com\/wp-content\/uploads\/2025\/10\/Foto-Riicardo-Sandoval_Mental-Driver-Coach_Spagna-600x900.jpeg 600w, https:\/\/iadrivers.com\/wp-content\/uploads\/2025\/10\/Foto-Riicardo-Sandoval_Mental-Driver-Coach_Spagna.jpeg 853w\" sizes=\"(max-width: 200px) 100vw, 200px\" \/>\t\t\t\t                    <div class=\"team-social flex-middle\">\n                    \t<div>\n                                                                                    <a rel=\"nofollow\" \n                                        href=\"#\" class=\"linkedin\">\n                                     <i class=\"fab fa-linkedin-in\"><\/i>\n                                <\/a>\n                                                                        \t<\/div>\n                    <\/div>  \n                \t\t\t<\/div>\n\t\t\t\t\t\t<div class=\"team-info\">\n\t\t\t\t<h4>Ricardo Sandoval<\/h4>\n\t\t\t\t<span>Mental Driver Coach \u2013 Spagna\n<\/span>\n\t\t\t<\/div>\n\t\t<\/div>\n\t        \n\t    \t\t\t\t<\/div>\n\t\t\t\t<\/div>\n\t\t\t\t\t<\/div>\n\t\t<\/div>\n\t\t\t\t\t<\/div>\n\t\t<\/section>\n\t\t\t\t\t<\/div>\n\t\t<\/div>\n\t\t\t\t\t<\/div>\n\t\t<\/section>\n\t\t\t\t<section class=\"elementor-section elementor-inner-section elementor-element elementor-element-44c1513c elementor-section-full_width elementor-section-content-bottom ot-traditional elementor-section-height-default elementor-section-height-default\" data-id=\"44c1513c\" data-element_type=\"section\" data-e-type=\"section\" data-settings=\"{&quot;background_background&quot;:&quot;classic&quot;}\">\n\t\t\t\t\t\t<div class=\"elementor-container elementor-column-gap-default\">\n\t\t\t\t\t<div class=\"elementor-column elementor-col-50 elementor-inner-column elementor-element elementor-element-929f2fe ot-flex-column-vertical\" data-id=\"929f2fe\" data-element_type=\"column\" data-e-type=\"column\">\n\t\t\t<div class=\"elementor-widget-wrap elementor-element-populated\">\n\t\t\t\t\t\t<div class=\"elementor-element elementor-element-68cc2fa0 elementor-widget elementor-widget-iheading\" data-id=\"68cc2fa0\" data-element_type=\"widget\" data-e-type=\"widget\" data-widget_type=\"iheading.default\">\n\t\t\t\t<div class=\"elementor-widget-container\">\n\t\t\t\t\t\t\t<div class=\"ot-heading\">\n\t        \t            <span>\/\/ Convi\u00e9rtete en un l\u00edder en la movilidad del futuro<\/span>\n\t        <h2 class=\"main-heading\">\u00danete a nosotros\n<\/h2>\t    <\/div>\n\t    \t\t\t\t<\/div>\n\t\t\t\t<\/div>\n\t\t\t\t<div class=\"elementor-element elementor-element-72ad2a64 elementor-widget elementor-widget-text-editor\" data-id=\"72ad2a64\" data-element_type=\"widget\" data-e-type=\"widget\" data-widget_type=\"text-editor.default\">\n\t\t\t\t\t\t\t\t\t<h5><strong><span style=\"color: #ffffff;\">Tanto si eres un joven que busca una carrera profesional como si perteneces a una empresa que cree en la innovaci\u00f3n, aqu\u00ed encontrar\u00e1s tu lugar.<\/span><\/strong><\/h5>\t\t\t\t\t\t\t\t<\/div>\n\t\t\t\t\t<\/div>\n\t\t<\/div>\n\t\t\t\t<div class=\"elementor-column elementor-col-50 elementor-inner-column elementor-element elementor-element-5705508e ot-flex-column-vertical\" data-id=\"5705508e\" data-element_type=\"column\" data-e-type=\"column\">\n\t\t\t<div class=\"elementor-widget-wrap elementor-element-populated\">\n\t\t\t\t\t\t<div class=\"elementor-element elementor-element-635163e6 elementor-align-right elementor-mobile-align-left elementor-widget elementor-widget-button\" data-id=\"635163e6\" data-element_type=\"widget\" data-e-type=\"widget\" data-widget_type=\"button.default\">\n\t\t\t\t\t\t\t\t\t\t<a class=\"elementor-button elementor-button-link elementor-size-md\" href=\"https:\/\/iadrivers.com\/es\/contactenos\/%20\">\n\t\t\t\t\t\t<span class=\"elementor-button-content-wrapper\">\n\t\t\t\t\t\t\t\t\t<span class=\"elementor-button-text\">COMIENZA TU VIAJE<\/span>\n\t\t\t\t\t<\/span>\n\t\t\t\t\t<\/a>\n\t\t\t\t\t\t\t\t<\/div>\n\t\t\t\t\t<\/div>\n\t\t<\/div>\n\t\t\t\t\t<\/div>\n\t\t<\/section>\n\t\t\t\t<\/div>\n\t\t","protected":false},"excerpt":{"rendered":"<p>GERENTE: ROSY FALCONE AREA MENTAL COACH Conducir bien tambi\u00e9n significa saber guiar la mente.Con Rosy Falcone y el equipo de Mental Coach, presentes en Italia, Suiza y Espa\u00f1a, acompa\u00f1amos a los conductores en un viaje de consciencia, equilibrio y empoderamiento mental. Luciano Ruggeri Mental Driver Coach \u2013 Italia Edoardo Iazzetti Mental Driver Coach \u2013 Italia [&hellip;]<\/p>\n","protected":false},"author":1,"featured_media":0,"parent":0,"menu_order":0,"comment_status":"closed","ping_status":"closed","template":"","meta":{"footnotes":""},"class_list":["post-5685","page","type-page","status-publish","hentry"],"jetpack_sharing_enabled":true,"_links":{"self":[{"href":"https:\/\/iadrivers.com\/es\/wp-json\/wp\/v2\/pages\/5685","targetHints":{"allow":["GET"]}}],"collection":[{"href":"https:\/\/iadrivers.com\/es\/wp-json\/wp\/v2\/pages"}],"about":[{"href":"https:\/\/iadrivers.com\/es\/wp-json\/wp\/v2\/types\/page"}],"author":[{"embeddable":true,"href":"https:\/\/iadrivers.com\/es\/wp-json\/wp\/v2\/users\/1"}],"replies":[{"embeddable":true,"href":"https:\/\/iadrivers.com\/es\/wp-json\/wp\/v2\/comments?post=5685"}],"version-history":[{"count":7,"href":"https:\/\/iadrivers.com\/es\/wp-json\/wp\/v2\/pages\/5685\/revisions"}],"predecessor-version":[{"id":5926,"href":"https:\/\/iadrivers.com\/es\/wp-json\/wp\/v2\/pages\/5685\/revisions\/5926"}],"wp:attachment":[{"href":"https:\/\/iadrivers.com\/es\/wp-json\/wp\/v2\/media?parent=5685"}],"curies":[{"name":"wp","href":"https:\/\/api.w.org\/{rel}","templated":true}]}}