{"id":5689,"date":"2020-03-06T07:58:00","date_gmt":"2020-03-06T06:58:00","guid":{"rendered":"https:\/\/iadrivers.com\/le-nostre-offerte\/"},"modified":"2026-01-09T12:02:54","modified_gmt":"2026-01-09T11:02:54","slug":"nuestras-ofertas","status":"publish","type":"page","link":"https:\/\/iadrivers.com\/es\/nuestras-ofertas\/","title":{"rendered":"Nuestras ofertas"},"content":{"rendered":"\t\t<div data-elementor-type=\"wp-page\" data-elementor-id=\"5689\" class=\"elementor elementor-5689 elementor-2407\">\n\t\t\t\t\t\t<section class=\"elementor-section elementor-top-section elementor-element elementor-element-ca00d56 ot-traditional elementor-section-boxed elementor-section-height-default elementor-section-height-default\" data-id=\"ca00d56\" data-element_type=\"section\" data-e-type=\"section\">\n\t\t\t\t\t\t<div class=\"elementor-container elementor-column-gap-default\">\n\t\t\t\t\t<div class=\"elementor-column elementor-col-100 elementor-top-column elementor-element elementor-element-ffdf0ac ot-flex-column-vertical\" data-id=\"ffdf0ac\" data-element_type=\"column\" data-e-type=\"column\">\n\t\t\t<div class=\"elementor-widget-wrap elementor-element-populated\">\n\t\t\t\t\t\t<section class=\"elementor-section elementor-inner-section elementor-element elementor-element-75221f9 elementor-section-full_width elementor-section-content-bottom ot-traditional elementor-section-height-default elementor-section-height-default\" data-id=\"75221f9\" data-element_type=\"section\" data-e-type=\"section\">\n\t\t\t\t\t\t<div class=\"elementor-container elementor-column-gap-default\">\n\t\t\t\t\t<div class=\"elementor-column elementor-col-50 elementor-inner-column elementor-element elementor-element-c1b831a ot-flex-column-vertical\" data-id=\"c1b831a\" data-element_type=\"column\" data-e-type=\"column\">\n\t\t\t<div class=\"elementor-widget-wrap elementor-element-populated\">\n\t\t\t\t\t\t<div class=\"elementor-element elementor-element-1b26fd1 elementor-widget elementor-widget-iheading\" data-id=\"1b26fd1\" data-element_type=\"widget\" data-e-type=\"widget\" data-widget_type=\"iheading.default\">\n\t\t\t\t<div class=\"elementor-widget-container\">\n\t\t\t\t\t\t\t<div class=\"ot-heading\">\n\t        \t            <span>CURSOS DE CONDUCTORES IA: FORMACI\u00d3N, MENTALIDAD, RESULTADOS.<\/span>\n\t        <h2 class=\"main-heading\">Acelera tu crecimiento: coaching que te ayuda a progresar.\n<\/h2>\t    <\/div>\n\t    \t\t\t\t<\/div>\n\t\t\t\t<\/div>\n\t\t\t\t\t<\/div>\n\t\t<\/div>\n\t\t\t\t<div class=\"elementor-column elementor-col-50 elementor-inner-column elementor-element elementor-element-615e33b ot-flex-column-vertical\" data-id=\"615e33b\" data-element_type=\"column\" data-e-type=\"column\">\n\t\t\t<div class=\"elementor-widget-wrap\">\n\t\t\t\t\t\t\t<\/div>\n\t\t<\/div>\n\t\t\t\t\t<\/div>\n\t\t<\/section>\n\t\t\t\t<div class=\"elementor-element elementor-element-20ba1b5 elementor-widget elementor-widget-text-editor\" data-id=\"20ba1b5\" data-element_type=\"widget\" data-e-type=\"widget\" data-widget_type=\"text-editor.default\">\n\t\t\t\t\t\t\t\t\t<p class=\"p1\">Descubre el programa ideal para ti y transforma la conducci\u00f3n en una experiencia de crecimiento personal y profesional. T\u00e9cnica, mente y pasi\u00f3n se unen en un solo camino: el que te lleva a convertirte en un conductor verdaderamente consciente.<\/p><p class=\"p1\">Gracias al apoyo de nuestros coaches<span class=\"Apple-converted-space\">\u00a0 <\/span>en las \u00e1reas t\u00e9cnicas de la conducci\u00f3n y desarrollo y potenciamiento de la personalidad podr\u00e1s:<\/p>\t\t\t\t\t\t\t\t<\/div>\n\t\t\t\t<section class=\"elementor-section elementor-inner-section elementor-element elementor-element-64da2ad elementor-section-full_width ot-traditional elementor-section-height-default elementor-section-height-default\" data-id=\"64da2ad\" data-element_type=\"section\" data-e-type=\"section\">\n\t\t\t\t\t\t<div class=\"elementor-container elementor-column-gap-extended\">\n\t\t\t\t\t<div class=\"elementor-column elementor-col-33 elementor-inner-column elementor-element elementor-element-73d21de ot-flex-column-vertical\" data-id=\"73d21de\" data-element_type=\"column\" data-e-type=\"column\">\n\t\t\t<div class=\"elementor-widget-wrap elementor-element-populated\">\n\t\t\t\t\t\t<div class=\"elementor-element elementor-element-f72dca4 elementor-widget elementor-widget-iiconbox2\" data-id=\"f72dca4\" data-element_type=\"widget\" data-e-type=\"widget\" data-widget_type=\"iiconbox2.default\">\n\t\t\t\t<div class=\"elementor-widget-container\">\n\t\t\t\t\t\t\t<div class=\"icon-box-s2 s1\">\n\t\t\t<div class=\"icon-main\">\n\t\t        \t\t\t    \t\t        <span class=\"flaticon-report-1\"><\/span>\t\t        \t        <\/div>\n\t        <div class=\"content-box\">\n\t            <h5>Comprender tus fortalezas y \u00e1reas de mejora<\/h5>\n\t            <p><\/p>\n\t        <\/div>\n\t    <\/div>\n\t    \t\t\t\t<\/div>\n\t\t\t\t<\/div>\n\t\t\t\t\t<\/div>\n\t\t<\/div>\n\t\t\t\t<div class=\"elementor-column elementor-col-33 elementor-inner-column elementor-element elementor-element-58b6f2a ot-flex-column-vertical\" data-id=\"58b6f2a\" data-element_type=\"column\" data-e-type=\"column\">\n\t\t\t<div class=\"elementor-widget-wrap elementor-element-populated\">\n\t\t\t\t\t\t<div class=\"elementor-element elementor-element-2e0b847 elementor-widget elementor-widget-iiconbox2\" data-id=\"2e0b847\" data-element_type=\"widget\" data-e-type=\"widget\" data-widget_type=\"iiconbox2.default\">\n\t\t\t\t<div class=\"elementor-widget-container\">\n\t\t\t\t\t\t\t<div class=\"icon-box-s2 s1\">\n\t\t\t<div class=\"icon-main\">\n\t\t        \t\t\t    \t\t        <span class=\"flaticon-code\"><\/span>\t\t        \t        <\/div>\n\t        <div class=\"content-box\">\n\t            <h5>Mejorar tu concentraci\u00f3n y gesti\u00f3n emocional<\/h5>\n\t            <p><\/p>\n\t        <\/div>\n\t    <\/div>\n\t    \t\t\t\t<\/div>\n\t\t\t\t<\/div>\n\t\t\t\t\t<\/div>\n\t\t<\/div>\n\t\t\t\t<div class=\"elementor-column elementor-col-33 elementor-inner-column elementor-element elementor-element-80b173f elementor-hidden-tablet ot-flex-column-vertical\" data-id=\"80b173f\" data-element_type=\"column\" data-e-type=\"column\">\n\t\t\t<div class=\"elementor-widget-wrap elementor-element-populated\">\n\t\t\t\t\t\t<div class=\"elementor-element elementor-element-34aa3ab elementor-widget elementor-widget-iiconbox2\" data-id=\"34aa3ab\" data-element_type=\"widget\" data-e-type=\"widget\" data-widget_type=\"iiconbox2.default\">\n\t\t\t\t<div class=\"elementor-widget-container\">\n\t\t\t\t\t\t\t<div class=\"icon-box-s2 s1\">\n\t\t\t<div class=\"icon-main\">\n\t\t        \t\t\t    \t\t        <span class=\"flaticon-best\"><\/span>\t\t        \t        <\/div>\n\t        <div class=\"content-box\">\n\t            <h5>Transformar tu pasi\u00f3n por la conducci\u00f3n en una verdadera habilidad profesional<\/h5>\n\t            <p><\/p>\n\t        <\/div>\n\t    <\/div>\n\t    \t\t\t\t<\/div>\n\t\t\t\t<\/div>\n\t\t\t\t\t<\/div>\n\t\t<\/div>\n\t\t\t\t\t<\/div>\n\t\t<\/section>\n\t\t\t\t\t<\/div>\n\t\t<\/div>\n\t\t\t\t\t<\/div>\n\t\t<\/section>\n\t\t\t\t<section class=\"elementor-section elementor-top-section elementor-element elementor-element-a5c6849 ot-traditional elementor-section-boxed elementor-section-height-default elementor-section-height-default\" data-id=\"a5c6849\" data-element_type=\"section\" data-e-type=\"section\" data-settings=\"{&quot;background_background&quot;:&quot;classic&quot;}\">\n\t\t\t\t\t\t<div class=\"elementor-container elementor-column-gap-default\">\n\t\t\t\t\t<div class=\"elementor-column elementor-col-100 elementor-top-column elementor-element elementor-element-be0593f ot-flex-column-vertical\" data-id=\"be0593f\" data-element_type=\"column\" data-e-type=\"column\">\n\t\t\t<div class=\"elementor-widget-wrap elementor-element-populated\">\n\t\t\t\t\t\t<div class=\"elementor-element elementor-element-d8de838 elementor-widget elementor-widget-iheading\" data-id=\"d8de838\" data-element_type=\"widget\" data-e-type=\"widget\" data-widget_type=\"iheading.default\">\n\t\t\t\t<div class=\"elementor-widget-container\">\n\t\t\t\t\t\t\t<div class=\"ot-heading\">\n\t        \t            <span>Entrenamiento a medida para tu desarrollo como conductor<\/span>\n\t        <h2 class=\"main-heading\">Crece, conduce, destaca<\/h2>\t    <\/div>\n\t    \t\t\t\t<\/div>\n\t\t\t\t<\/div>\n\t\t\t\t<div class=\"elementor-element elementor-element-ddd3717 elementor-widget elementor-widget-text-editor\" data-id=\"ddd3717\" data-element_type=\"widget\" data-e-type=\"widget\" data-widget_type=\"text-editor.default\">\n\t\t\t\t\t\t\t\t\t<h4>Elige el camino que mejor se adapte a ti y a tu estilo de conducci\u00f3n.<\/h4><p class=\"p1\">Los programas de IA Drivers Academy combinan entrenamiento t\u00e9cnico y desarrollo mental para desarrollar al m\u00e1ximo el potencial de los conductores, tanto en la pista como en la vida diaria.<\/p><p class=\"p1\">Cada nivel (Plata, Oro o Platino) representa un paso concreto hacia la concienciaci\u00f3n, la seguridad y el rendimiento.<\/p><p class=\"p1\">Todos los cursos incluyen un perfil personalizado y acceso a la app de IA Drivers para seguir mejorando d\u00eda tras d\u00eda.<\/p>\t\t\t\t\t\t\t\t<\/div>\n\t\t\t\t<div class=\"elementor-element elementor-element-c090933 elementor-widget elementor-widget-text-editor\" data-id=\"c090933\" data-element_type=\"widget\" data-e-type=\"widget\" data-widget_type=\"text-editor.default\">\n\t\t\t\t\t\t\t\t\t<h2 class=\"p1\"><b>\u00a1Descubre nuestras ofertas para enero de 2026! \u00a1No te lo pierdas!<\/b><\/h2>\t\t\t\t\t\t\t\t<\/div>\n\t\t\t\t<section class=\"elementor-section elementor-inner-section elementor-element elementor-element-7666bdf elementor-section-full_width elementor-section-content-bottom ot-traditional elementor-section-height-default elementor-section-height-default\" data-id=\"7666bdf\" data-element_type=\"section\" data-e-type=\"section\" data-settings=\"{&quot;background_background&quot;:&quot;classic&quot;}\">\n\t\t\t\t\t\t<div class=\"elementor-container elementor-column-gap-default\">\n\t\t\t\t\t<div class=\"elementor-column elementor-col-50 elementor-inner-column elementor-element elementor-element-a4e3bc2 ot-flex-column-vertical\" data-id=\"a4e3bc2\" data-element_type=\"column\" data-e-type=\"column\">\n\t\t\t<div class=\"elementor-widget-wrap elementor-element-populated\">\n\t\t\t\t\t\t<div class=\"elementor-element elementor-element-c1580e2 elementor-widget elementor-widget-iheading\" data-id=\"c1580e2\" data-element_type=\"widget\" data-e-type=\"widget\" data-widget_type=\"iheading.default\">\n\t\t\t\t<div class=\"elementor-widget-container\">\n\t\t\t\t\t\t\t<div class=\"ot-heading\">\n\t        \t            <span>SECCI\u00d3N EMPRESARIAL<\/span>\n\t        <h2 class=\"main-heading\">\u00bfEres una empresa y quieres registrar a varios conductores?<\/h2>\t    <\/div>\n\t    \t\t\t\t<\/div>\n\t\t\t\t<\/div>\n\t\t\t\t\t<\/div>\n\t\t<\/div>\n\t\t\t\t<div class=\"elementor-column elementor-col-50 elementor-inner-column elementor-element elementor-element-ca1f5b5 ot-flex-column-vertical\" data-id=\"ca1f5b5\" data-element_type=\"column\" data-e-type=\"column\">\n\t\t\t<div class=\"elementor-widget-wrap elementor-element-populated\">\n\t\t\t\t\t\t<div class=\"elementor-element elementor-element-64703cd elementor-align-right elementor-mobile-align-left elementor-widget elementor-widget-ibutton\" data-id=\"64703cd\" data-element_type=\"widget\" data-e-type=\"widget\" data-widget_type=\"ibutton.default\">\n\t\t\t\t<div class=\"elementor-widget-container\">\n\t\t\t\t\t\t\t<div class=\"ot-button\">\n\t\t\t<a href=\"https:\/\/iadrivers.com\/es\/contactenos\/%20\" class=\"octf-btn octf-btn-primary\">Presupuesto personalizado<\/a>\n\t    <\/div>\n\t    \t\t\t\t<\/div>\n\t\t\t\t<\/div>\n\t\t\t\t\t<\/div>\n\t\t<\/div>\n\t\t\t\t\t<\/div>\n\t\t<\/section>\n\t\t\t\t\t<\/div>\n\t\t<\/div>\n\t\t\t\t\t<\/div>\n\t\t<\/section>\n\t\t\t\t<section class=\"elementor-section elementor-top-section elementor-element elementor-element-73be24f ot-traditional elementor-section-boxed elementor-section-height-default elementor-section-height-default\" data-id=\"73be24f\" data-element_type=\"section\" data-e-type=\"section\" data-settings=\"{&quot;background_background&quot;:&quot;classic&quot;}\">\n\t\t\t\t\t\t<div class=\"elementor-container elementor-column-gap-default\">\n\t\t\t\t\t<div class=\"elementor-column elementor-col-100 elementor-top-column elementor-element elementor-element-127b13e ot-flex-column-vertical\" data-id=\"127b13e\" data-element_type=\"column\" data-e-type=\"column\">\n\t\t\t<div class=\"elementor-widget-wrap elementor-element-populated\">\n\t\t\t\t\t\t<div class=\"elementor-element elementor-element-ca0ae35 elementor-widget elementor-widget-heading\" data-id=\"ca0ae35\" data-element_type=\"widget\" data-e-type=\"widget\" data-widget_type=\"heading.default\">\n\t\t\t\t\t<p class=\"elementor-heading-title elementor-size-default\">\/\/ RESPONDEMOS A TODAS TUS PREGUNTAS<\/p>\t\t\t\t<\/div>\n\t\t\t\t<div class=\"elementor-element elementor-element-ed367a6 elementor-widget elementor-widget-heading\" data-id=\"ed367a6\" data-element_type=\"widget\" data-e-type=\"widget\" data-widget_type=\"heading.default\">\n\t\t\t\t\t<h2 class=\"elementor-heading-title elementor-size-default\">\u00bfNecesitas asesoramiento?\n<\/h2>\t\t\t\t<\/div>\n\t\t\t\t<div class=\"elementor-element elementor-element-d0a1cfd elementor-widget elementor-widget-text-editor\" data-id=\"d0a1cfd\" data-element_type=\"widget\" data-e-type=\"widget\" data-widget_type=\"text-editor.default\">\n\t\t\t\t\t\t\t\t\t<p>Forma parte de la comunidad de IA Drivers y disfruta de una formaci\u00f3n innovadora, adaptada a ti.<br \/>Elige tu nivel, accede a contenido exclusivo y comienza tu camino con nuestros coaches certificados en Italia, Suiza y Espa\u00f1a. Cada logro ser\u00e1 reconocido con el Diploma oficial de la Academia IA Drivers.<\/p>\t\t\t\t\t\t\t\t<\/div>\n\t\t\t\t<div class=\"elementor-element elementor-element-f08a21a elementor-align-center elementor-widget elementor-widget-ibutton\" data-id=\"f08a21a\" data-element_type=\"widget\" data-e-type=\"widget\" data-widget_type=\"ibutton.default\">\n\t\t\t\t<div class=\"elementor-widget-container\">\n\t\t\t\t\t\t\t<div class=\"ot-button\">\n\t\t\t<a href=\"https:\/\/iadrivers.com\/es\/contactenos\/%20\" class=\"octf-btn octf-btn-primary\">Cont\u00e1ctanos<\/a>\n\t    <\/div>\n\t    \t\t\t\t<\/div>\n\t\t\t\t<\/div>\n\t\t\t\t\t<\/div>\n\t\t<\/div>\n\t\t\t\t\t<\/div>\n\t\t<\/section>\n\t\t\t\t<\/div>\n\t\t","protected":false},"excerpt":{"rendered":"<p>CURSOS DE CONDUCTORES IA: FORMACI\u00d3N, MENTALIDAD, RESULTADOS. Acelera tu crecimiento: coaching que te ayuda a progresar. Descubre el programa ideal para ti y transforma la conducci\u00f3n en una experiencia de crecimiento personal y profesional. T\u00e9cnica, mente y pasi\u00f3n se unen en un solo camino: el que te lleva a convertirte en un conductor verdaderamente consciente. [&hellip;]<\/p>\n","protected":false},"author":1,"featured_media":0,"parent":0,"menu_order":0,"comment_status":"closed","ping_status":"closed","template":"","meta":{"footnotes":""},"class_list":["post-5689","page","type-page","status-publish","hentry"],"jetpack_sharing_enabled":true,"_links":{"self":[{"href":"https:\/\/iadrivers.com\/es\/wp-json\/wp\/v2\/pages\/5689","targetHints":{"allow":["GET"]}}],"collection":[{"href":"https:\/\/iadrivers.com\/es\/wp-json\/wp\/v2\/pages"}],"about":[{"href":"https:\/\/iadrivers.com\/es\/wp-json\/wp\/v2\/types\/page"}],"author":[{"embeddable":true,"href":"https:\/\/iadrivers.com\/es\/wp-json\/wp\/v2\/users\/1"}],"replies":[{"embeddable":true,"href":"https:\/\/iadrivers.com\/es\/wp-json\/wp\/v2\/comments?post=5689"}],"version-history":[{"count":11,"href":"https:\/\/iadrivers.com\/es\/wp-json\/wp\/v2\/pages\/5689\/revisions"}],"predecessor-version":[{"id":5944,"href":"https:\/\/iadrivers.com\/es\/wp-json\/wp\/v2\/pages\/5689\/revisions\/5944"}],"wp:attachment":[{"href":"https:\/\/iadrivers.com\/es\/wp-json\/wp\/v2\/media?parent=5689"}],"curies":[{"name":"wp","href":"https:\/\/api.w.org\/{rel}","templated":true}]}}